{"id":60277,"date":"2019-04-25T10:16:26","date_gmt":"2019-04-25T08:16:26","guid":{"rendered":"https:\/\/www.williwaw.eu\/mentions-legales\/"},"modified":"2025-07-08T15:17:35","modified_gmt":"2025-07-08T13:17:35","slug":"mentions-legales","status":"publish","type":"page","link":"https:\/\/www.williwaw.eu\/en\/mentions-legales\/","title":{"rendered":"Terms of use"},"content":{"rendered":"\t\t<div data-elementor-type=\"wp-page\" data-elementor-id=\"60277\" class=\"elementor elementor-60277 elementor-478\" data-elementor-post-type=\"page\">\n\t\t\t\t<div class=\"elementor-element elementor-element-88328d1 e-flex e-con-boxed e-con e-parent\" data-id=\"88328d1\" data-element_type=\"container\" data-e-type=\"container\" data-settings=\"{&quot;jet_parallax_layout_list&quot;:[]}\">\n\t\t\t\t\t<div class=\"e-con-inner\">\n\t\t\t\t<div class=\"elementor-element elementor-element-5500f85 elementor-invisible elementor-widget elementor-widget-heading\" data-id=\"5500f85\" data-element_type=\"widget\" data-e-type=\"widget\" data-settings=\"{&quot;_animation&quot;:&quot;fadeInUp&quot;}\" data-widget_type=\"heading.default\">\n\t\t\t\t<div class=\"elementor-widget-container\">\n\t\t\t\t\t<h1 class=\"elementor-heading-title elementor-size-default\">Terms of use<\/h1>\t\t\t\t<\/div>\n\t\t\t\t<\/div>\n\t\t\t\t<div class=\"elementor-element elementor-element-75cba56 elementor-widget elementor-widget-text-editor\" data-id=\"75cba56\" data-element_type=\"widget\" data-e-type=\"widget\" data-widget_type=\"text-editor.default\">\n\t\t\t\t<div class=\"elementor-widget-container\">\n\t\t\t\t\t\t\t\t\t<div class=\"wpb_text_column wpb_content_element \"><div class=\"wpb_wrapper\"><p>The website www.williwaw.eu is the property of Bizign, a limited liability company (EURL) with a share capital of \u20ac5,000 registered in the Nanterre Trade and Companies Register under number 504 214 073.<br>Intracommunity VAT number: FR 78 504 214 073<br>Registered office: Bizign, 79 rue de S\u00e8vres 92100 Boulogne-Billancourt FRANCE<br>St\u00e9phane THIROUIN is the managing director of Bizign<br>St\u00e9phane THIROUIN is the publishing director for the website www.williwaw.eu.<\/p><p>Addresses and numbers: St\u00e9phane Thirouin: +33 (0)4 58 00 12 64 stephane@williwaw.eu<\/p><p><strong>Information on iOS and Android Apps:<\/strong><br>Apps designed by Nodesign.net and programmed by OMWAVE<\/p><p><strong>Hosting information:<\/strong><br>This site is hosted by OVH<\/p><p>SAS with capital of \u20ac10,069,020<br>RCS Lille M\u00e9tropole 424 761 419 00045<br>Code APE 2620Z<br>N\u00b0 TVA : FR 22 424 761 419<br>Registered office : 2 rue Kellermann &#8211; 59100 Roubaix &#8211; France<\/p><p>Tel: +33 9 72 10 10 07<\/p><p><strong>Graphic design information:<\/strong><br>The website was designed by Vertical Innovation. www.vertical-innovation.com<br>Art direction: Esprit Des Sens. Photos: Studio Kalice Arnaud Child\u00e9ric<br>Created by Agence Cerf \u00e0 Lunettes: https:\/\/creation-site-web-grenoble.fr\/  <\/p><p><a href=\"https:\/\/www.williwaw.eu\/en\/politique-de-confidentialite\/\">Privacy policy<\/a><\/p><p><a href=\"https:\/\/www.williwaw.eu\/en\/conditions-generales-de-vente\/\">Terms and conditions of sale<\/a><\/p><\/div><\/div>\t\t\t\t\t\t\t\t<\/div>\n\t\t\t\t<\/div>\n\t\t\t\t\t<\/div>\n\t\t\t\t<\/div>\n\t\t<div class=\"elementor-element elementor-element-1c7b85c e-con-full e-flex e-con e-parent\" data-id=\"1c7b85c\" data-element_type=\"container\" data-e-type=\"container\" data-settings=\"{&quot;jet_parallax_layout_list&quot;:[]}\">\n\t\t\t\t<div class=\"elementor-element elementor-element-1302a20 elementor-invisible elementor-widget elementor-widget-heading\" data-id=\"1302a20\" data-element_type=\"widget\" data-e-type=\"widget\" data-settings=\"{&quot;_animation&quot;:&quot;fadeInUp&quot;}\" data-widget_type=\"heading.default\">\n\t\t\t\t<div class=\"elementor-widget-container\">\n\t\t\t\t\t<h2 class=\"elementor-heading-title elementor-size-default\">\nIn short, Williwaw is...\n<\/h2>\t\t\t\t<\/div>\n\t\t\t\t<\/div>\n\t\t\t\t<div class=\"elementor-element elementor-element-541fec4 elementor-widget elementor-widget-spacer\" data-id=\"541fec4\" data-element_type=\"widget\" data-e-type=\"widget\" data-widget_type=\"spacer.default\">\n\t\t\t\t<div class=\"elementor-widget-container\">\n\t\t\t\t\t\t\t<div class=\"elementor-spacer\">\n\t\t\t<div class=\"elementor-spacer-inner\"><\/div>\n\t\t<\/div>\n\t\t\t\t\t\t<\/div>\n\t\t\t\t<\/div>\n\t\t<div class=\"elementor-element elementor-element-424ffe8 e-grid e-con-full e-con e-child\" data-id=\"424ffe8\" data-element_type=\"container\" data-e-type=\"container\" data-settings=\"{&quot;jet_parallax_layout_list&quot;:[]}\">\n\t\t<div class=\"elementor-element elementor-element-53fb0cd e-con-full e-flex e-con e-child\" data-id=\"53fb0cd\" data-element_type=\"container\" data-e-type=\"container\" data-settings=\"{&quot;background_background&quot;:&quot;classic&quot;,&quot;jet_parallax_layout_list&quot;:[]}\">\n\t\t\t\t<div class=\"elementor-element elementor-element-59ae16b elementor-invisible elementor-widget elementor-widget-button\" data-id=\"59ae16b\" data-element_type=\"widget\" data-e-type=\"widget\" data-settings=\"{&quot;_animation&quot;:&quot;fadeInUp&quot;}\" data-widget_type=\"button.default\">\n\t\t\t\t<div class=\"elementor-widget-container\">\n\t\t\t\t\t\t\t\t\t<div class=\"elementor-button-wrapper\">\n\t\t\t\t\t<a class=\"elementor-button elementor-button-link elementor-size-sm\" href=\"https:\/\/www.williwaw.eu\/en\/puissant\/\">\n\t\t\t\t\t\t<span class=\"elementor-button-content-wrapper\">\n\t\t\t\t\t\t\t\t\t<span class=\"elementor-button-text\">Powerful fan<\/span>\n\t\t\t\t\t<\/span>\n\t\t\t\t\t<\/a>\n\t\t\t\t<\/div>\n\t\t\t\t\t\t\t\t<\/div>\n\t\t\t\t<\/div>\n\t\t\t\t<\/div>\n\t\t<div class=\"elementor-element elementor-element-2784cfc e-con-full e-flex e-con e-child\" data-id=\"2784cfc\" data-element_type=\"container\" data-e-type=\"container\" data-settings=\"{&quot;background_background&quot;:&quot;classic&quot;,&quot;jet_parallax_layout_list&quot;:[]}\">\n\t\t\t\t<div class=\"elementor-element elementor-element-461f51c elementor-invisible elementor-widget elementor-widget-button\" data-id=\"461f51c\" data-element_type=\"widget\" data-e-type=\"widget\" data-settings=\"{&quot;_animation&quot;:&quot;fadeInUp&quot;}\" data-widget_type=\"button.default\">\n\t\t\t\t<div class=\"elementor-widget-container\">\n\t\t\t\t\t\t\t\t\t<div class=\"elementor-button-wrapper\">\n\t\t\t\t\t<a class=\"elementor-button elementor-button-link elementor-size-sm\" href=\"https:\/\/www.williwaw.eu\/en\/silencieux\/\">\n\t\t\t\t\t\t<span class=\"elementor-button-content-wrapper\">\n\t\t\t\t\t\t\t\t\t<span class=\"elementor-button-text\">Ultra-quiet fan<\/span>\n\t\t\t\t\t<\/span>\n\t\t\t\t\t<\/a>\n\t\t\t\t<\/div>\n\t\t\t\t\t\t\t\t<\/div>\n\t\t\t\t<\/div>\n\t\t\t\t<\/div>\n\t\t<div class=\"elementor-element elementor-element-be59ddb e-con-full e-flex e-con e-child\" data-id=\"be59ddb\" data-element_type=\"container\" data-e-type=\"container\" data-settings=\"{&quot;background_background&quot;:&quot;classic&quot;,&quot;jet_parallax_layout_list&quot;:[]}\">\n\t\t\t\t<div class=\"elementor-element elementor-element-111f108 elementor-invisible elementor-widget elementor-widget-button\" data-id=\"111f108\" data-element_type=\"widget\" data-e-type=\"widget\" data-settings=\"{&quot;_animation&quot;:&quot;fadeInUp&quot;}\" data-widget_type=\"button.default\">\n\t\t\t\t<div class=\"elementor-widget-container\">\n\t\t\t\t\t\t\t\t\t<div class=\"elementor-button-wrapper\">\n\t\t\t\t\t<a class=\"elementor-button elementor-button-link elementor-size-sm\" href=\"https:\/\/www.williwaw.eu\/en\/ecologique\/\">\n\t\t\t\t\t\t<span class=\"elementor-button-content-wrapper\">\n\t\t\t\t\t\t\t\t\t<span class=\"elementor-button-text\">Durable fan<\/span>\n\t\t\t\t\t<\/span>\n\t\t\t\t\t<\/a>\n\t\t\t\t<\/div>\n\t\t\t\t\t\t\t\t<\/div>\n\t\t\t\t<\/div>\n\t\t\t\t<\/div>\n\t\t<div class=\"elementor-element elementor-element-33075c9 e-con-full e-flex e-con e-child\" data-id=\"33075c9\" data-element_type=\"container\" data-e-type=\"container\" data-settings=\"{&quot;background_background&quot;:&quot;classic&quot;,&quot;jet_parallax_layout_list&quot;:[]}\">\n\t\t\t\t<div class=\"elementor-element elementor-element-46f1543 elementor-invisible elementor-widget elementor-widget-button\" data-id=\"46f1543\" data-element_type=\"widget\" data-e-type=\"widget\" data-settings=\"{&quot;_animation&quot;:&quot;fadeInUp&quot;}\" data-widget_type=\"button.default\">\n\t\t\t\t<div class=\"elementor-widget-container\">\n\t\t\t\t\t\t\t\t\t<div class=\"elementor-button-wrapper\">\n\t\t\t\t\t<a class=\"elementor-button elementor-button-link elementor-size-sm\" href=\"https:\/\/www.williwaw.eu\/#connecte\">\n\t\t\t\t\t\t<span class=\"elementor-button-content-wrapper\">\n\t\t\t\t\t\t\t\t\t<span class=\"elementor-button-text\">Connected fan<\/span>\n\t\t\t\t\t<\/span>\n\t\t\t\t\t<\/a>\n\t\t\t\t<\/div>\n\t\t\t\t\t\t\t\t<\/div>\n\t\t\t\t<\/div>\n\t\t\t\t<\/div>\n\t\t\t\t<\/div>\n\t\t\t\t<\/div>\n\t\t\t\t<\/div>\n\t\t","protected":false},"excerpt":{"rendered":"<p>Terms of use The website www.williwaw.eu is the property of Bizign, a limited liability company (EURL) with a share capital of \u20ac5,000 registered in the Nanterre Trade and Companies Register under number 504 214 073.Intracommunity VAT number: FR 78 504 214 073Registered office: Bizign, 79 rue de S\u00e8vres 92100 Boulogne-Billancourt FRANCESt\u00e9phane THIROUIN is the managing [&hellip;]<\/p>\n","protected":false},"author":5,"featured_media":0,"parent":0,"menu_order":0,"comment_status":"closed","ping_status":"closed","template":"elementor_header_footer","meta":{"footnotes":""},"class_list":["post-60277","page","type-page","status-publish","hentry"],"jetpack_sharing_enabled":true,"_links":{"self":[{"href":"https:\/\/www.williwaw.eu\/en\/wp-json\/wp\/v2\/pages\/60277","targetHints":{"allow":["GET"]}}],"collection":[{"href":"https:\/\/www.williwaw.eu\/en\/wp-json\/wp\/v2\/pages"}],"about":[{"href":"https:\/\/www.williwaw.eu\/en\/wp-json\/wp\/v2\/types\/page"}],"author":[{"embeddable":true,"href":"https:\/\/www.williwaw.eu\/en\/wp-json\/wp\/v2\/users\/5"}],"replies":[{"embeddable":true,"href":"https:\/\/www.williwaw.eu\/en\/wp-json\/wp\/v2\/comments?post=60277"}],"version-history":[{"count":0,"href":"https:\/\/www.williwaw.eu\/en\/wp-json\/wp\/v2\/pages\/60277\/revisions"}],"wp:attachment":[{"href":"https:\/\/www.williwaw.eu\/en\/wp-json\/wp\/v2\/media?parent=60277"}],"curies":[{"name":"wp","href":"https:\/\/api.w.org\/{rel}","templated":true}]}}